{"id":48010,"date":"2025-05-24T09:33:46","date_gmt":"2025-05-24T09:33:46","guid":{"rendered":"https:\/\/namsan.com.vn\/?page_id=48010"},"modified":"2025-12-03T12:00:47","modified_gmt":"2025-12-03T12:00:47","slug":"dang-ky-lam-dai-ly","status":"publish","type":"page","link":"https:\/\/namsan.com.vn\/en\/dang-ky-lam-dai-ly\/","title":{"rendered":"\u0110\u0103ng k\u00fd \u0111\u1ea1i l\u00fd v\u00e9 m\u00e1y bay"},"content":{"rendered":"<div class=\"wp-block-image\">\n<figure class=\"alignleft size-large is-resized\"><img loading=\"lazy\" decoding=\"async\" width=\"1024\" height=\"576\" src=\"https:\/\/namsan.com.vn\/wp-content\/uploads\/2025\/12\/DANG_KY_DAI_LY_VE_MAY_BAY-1024x576.jpg\" alt=\"\" class=\"wp-image-49615\" style=\"width:478px;height:auto\" srcset=\"https:\/\/namsan.com.vn\/wp-content\/uploads\/2025\/12\/DANG_KY_DAI_LY_VE_MAY_BAY-1024x576.jpg 1024w, https:\/\/namsan.com.vn\/wp-content\/uploads\/2025\/12\/DANG_KY_DAI_LY_VE_MAY_BAY-300x169.jpg 300w, https:\/\/namsan.com.vn\/wp-content\/uploads\/2025\/12\/DANG_KY_DAI_LY_VE_MAY_BAY-768x432.jpg 768w, https:\/\/namsan.com.vn\/wp-content\/uploads\/2025\/12\/DANG_KY_DAI_LY_VE_MAY_BAY-18x10.jpg 18w, https:\/\/namsan.com.vn\/wp-content\/uploads\/2025\/12\/DANG_KY_DAI_LY_VE_MAY_BAY.jpg 1280w\" sizes=\"auto, (max-width: 1024px) 100vw, 1024px\" \/><\/figure>\n<\/div>\n\n\n<h2 class=\"wp-block-heading\"><strong><mark style=\"background-color:rgba(0, 0, 0, 0)\" class=\"has-inline-color has-accent-color\">\u0110\u0103ng k\u00fd \u0111\u1ea1i l\u00fd v\u00e9 m\u00e1y bay, book ph\u00f2ng kh\u00e1ch s\u1ea1n thu nh\u1eadp kh\u00f4ng gi\u1edbi h\u1ea1n.<\/mark><\/strong><\/h2>\n\n\n\n<p>Nh\u1eb1m m\u1edf r\u1ed9ng v\u00e0 ph\u00e1t tri\u1ec3n m\u1ea1ng l\u01b0\u1edbi b\u00e1n v\u00e9 m\u00e1y bay, combo Du l\u1ecbch tr\u00ean c\u1ea3 n\u01b0\u1edbc, NAMSAN TRAVEL tri\u1ec3n khai ph\u00e1t tri\u1ec3n \u0111\u1ea1i l\u00fd v\u00e9 m\u00e1y bay \u0111\u1ec3 c\u00f9ng nhau \u0111\u01b0a s\u1ea3n ph\u1ea9m d\u1ecbch v\u1ee5 ch\u1ea5t l\u01b0\u1ee3ng cao \u0111\u1ebfn kh\u00e1ch h\u00e0ng tr\u00ean to\u00e0n qu\u1ed1c.&nbsp;<\/p>\n\n\n\n<p><\/p>\n\n\n\n<p><\/p>\n\n\n\n<p><\/p>\n\n\n\n<p>NAMSAN TRAVEL l\u00e0 m\u1ed9t trong nh\u1eefng \u0111\u01a1n v\u1ecb cung c\u1ea5p v\u00e9 m\u00e1y bay, booking kh\u00e1ch s\u1ea1n v\u00e0 combo v\u1edbi h\u1ec7 th\u1ed1ng h\u01a1n 300 \u0111\u1ea1i l\u00fd tr\u00ean to\u00e0n qu\u1ed1c. Ch\u00fang t\u00f4i \u0111\u00e3 ho\u1ea1t \u0111\u1ed9ng tr\u00ean 15 n\u0103m v\u1edbi nhi\u1ec1u kinh nghi\u1ec7m trong vi\u1ec7c h\u1ed7 tr\u1ee3 \u0111\u1ea1i l\u00fd t\u1ed1i t\u1ed1i \u01b0u h\u00f3a c\u00f4ng vi\u1ec7c v\u00e0 thu nh\u1eadp. \u0110\u1eb7c bi\u1ec7t v\u1edbi h\u1ec7 th\u1ed1ng nh\u00e2n vi\u00ean lu\u00f4n chu \u0111\u00e1o, c\u1ea9n th\u1eadn v\u00e0 d\u1ecbch v\u1ee5 ch\u0103m s\u00f3c kh\u00e1ch h\u00e0ng 24\/7, \u0111\u1ea3m b\u1ea3o cho Qu\u00fd \u0111\u1ea1i l\u00fd y\u00ean t\u00e2m trong vi\u1ec7c t\u01b0 v\u1ea5n kh\u00e1ch h\u00e0ng.<\/p>\n\n\n\n<p class=\"gb-text\"><strong><mark style=\"background-color:rgba(0, 0, 0, 0)\" class=\"has-inline-color has-accent-color\">Quy\u1ec1n l\u1ee3i c\u1ee7a \u0111\u1ea1i l\u00fd v\u00e9 m\u00e1y bay:<\/mark><\/strong><\/p>\n\n\n\n<p><strong>+&nbsp;\u0110\u01b0\u1ee3c h\u1ed7 tr\u1ee3 \u0111\u00e0o t\u1ea1o nghi\u1ec7p v\u1ee5, c\u00e1ch tri\u1ec3n khai b\u00e1n h\u00e0ng<\/strong><\/p>\n\n\n\n<p><strong>+ T\u01b0 v\u1ea5n x\u00e2y d\u1ef1ng quy tr\u00ecnh, form bi\u1ec3u m\u1eabu \u0111\u1ec3 qu\u1ea3n l\u00fd ph\u00f2ng v\u00e9.<\/strong><\/p>\n\n\n\n<p><strong>+ Ch\u00ednh s\u00e1ch chi\u1ebft kh\u1ea5u t\u1ed1t<\/strong><\/p>\n\n\n\n<p><strong>+ H\u1ed7 tr\u1ee3 t\u01b0 v\u1ea5n d\u1ecbch v\u1ee5 24\/7.<\/strong><\/p>\n\n\n\n<p><strong>+ C\u1ea5p sign in book v\u00e9, ph\u00f2ng kh\u00e1ch s\u1ea1n<\/strong><\/p>\n\n\n\n<p><strong>+ H\u1ed7 tr\u1ee3 c\u00e1c t\u00ecnh hu\u1ed1ng \u1edf s\u00e2n bay v\u00e0 nh\u1eefng tr\u01b0\u1eddng h\u1ee3p ngo\u00e0i quy \u0111\u1ecbnh c\u1ee7a c\u00e1c h\u00e3ng h\u00e0ng kh\u00f4ng.<\/strong><\/p>\n\n\n\n<p><strong>+ Cam k\u1ebft l\u1ee3i nhu\u1eadn v\u00e0 doanh s\u1ed1 t\u0103ng tr\u01b0\u1edfng h\u00e0ng th\u00e1ng<\/strong><\/p>\n\n\n\n<p><em>Ch\u00fang t\u00f4i r\u1ea5t mong nh\u1eadn \u0111\u01b0\u1ee3c s\u1ef1 h\u1ee3p t\u00e1c t\u1eeb Qu\u00fd \u0111\u1ea1i l\u00fd. <\/em>M\u1ecdi chi ti\u1ebft xin vui l\u00f2ng li\u00ean h\u1ec7 <strong><mark style=\"background-color:rgba(0, 0, 0, 0)\" class=\"has-inline-color has-accent-color\">hotline: 098.434.7117<\/mark><\/strong><\/p>\n\n\n\n<p><strong>NAMSAN TRAVEL<\/strong><\/p>\n\n\n\n<p><strong>Add:<\/strong> 63 Nh\u00e2n H\u00f2a, Thanh Xu\u00e2n, H\u00e0 N\u1ed9i<\/p>\n\n\n\n<p><strong>Web<\/strong>: Namsan.com.vn<\/p>\n\n\n\n<p class=\"has-text-align-left\"><strong>Hotline<\/strong>: 098.434.7117<\/p>\n\n\n\n<section class=\"gbp-section gb-element-e3427782\">\n<div class=\"gbp-section__inner gb-element-f2e6f39f\">\n<div>\n<h4 class=\"gb-text gbp-section__text gb-text-cc35a156\"><strong>FAQ<\/strong><\/h4>\n\n\n\n<div class=\"gbp-section gb-element-b589cd12\">\n<div class=\"gbp-section__inner gb-element-de60d2f7\">\n<div class=\"gb-accordion\">\n<div class=\"gb-accordion__item gbp-card--border gb-accordion__item-36b1a61f\">\n<div role=\"button\" tabindex=\"0\" class=\"gb-accordion__toggle gb-accordion__toggle-a1501601\" id=\"gb-accordion-toggle-a1501601\">\n<h3 class=\"gb-text gbp-card__title gb-text-1145c579\">\u0110\u1ea1i l\u00fd du l\u1ecbch, v\u00e9 m\u00e1y bay. <\/h3>\n\n\n\n<span class=\"gb-accordion__toggle-icon gb-accordion__toggle-icon-67369335\"><span class=\"gb-accordion__toggle-icon-open\"><svg aria-hidden=\"true\" viewbox=\"0 0 256 256\"><rect width=\"256\" height=\"256\" fill=\"none\"><\/rect><polyline points=\"208 96 128 176 48 96\" fill=\"none\" stroke=\"currentColor\" stroke-linecap=\"round\" stroke-linejoin=\"round\" stroke-width=\"16\"><\/polyline><\/svg><\/span><span class=\"gb-accordion__toggle-icon-close\"><svg aria-hidden=\"true\" viewbox=\"0 0 256 256\"><rect width=\"256\" height=\"256\" fill=\"none\"><\/rect><polyline points=\"48 160 128 80 208 160\" fill=\"none\" stroke=\"currentColor\" stroke-linecap=\"round\" stroke-linejoin=\"round\" stroke-width=\"16\"><\/polyline><\/svg><\/span><\/span>\n<\/div>\n\n\n\n<div class=\"gb-accordion__content\" id=\"gb-accordion-content-c72c74b3\">\n<div class=\"gb-element-9c28c7be\">\n<p class=\"gb-text gb-text-b5ce7065\">A travel agent is someone who sells travel-related services such as tours, airline tickets, hotel bookings, and travel packages to customers. They act as a bridge between service providers and travelers.<\/p>\n<\/div>\n<\/div>\n<\/div>\n\n\n\n<div class=\"gb-accordion__item gbp-card--border gb-accordion__item-d789ae2b\">\n<div role=\"button\" tabindex=\"0\" class=\"gb-accordion__toggle gb-accordion__toggle-822f9545\" id=\"gb-accordion-toggle-822f9545\">\n<h3 class=\"gb-text gbp-card__title gb-text-fe6e0b0d\">How can I become a travel agent for your company?<\/h3>\n\n\n\n<span class=\"gb-accordion__toggle-icon gb-accordion__toggle-icon-64b20663\"><span class=\"gb-accordion__toggle-icon-open\"><svg aria-hidden=\"true\" viewbox=\"0 0 256 256\"><rect width=\"256\" height=\"256\" fill=\"none\"><\/rect><polyline points=\"208 96 128 176 48 96\" fill=\"none\" stroke=\"currentColor\" stroke-linecap=\"round\" stroke-linejoin=\"round\" stroke-width=\"16\"><\/polyline><\/svg><\/span><span class=\"gb-accordion__toggle-icon-close\"><svg aria-hidden=\"true\" viewbox=\"0 0 256 256\"><rect width=\"256\" height=\"256\" fill=\"none\"><\/rect><polyline points=\"48 160 128 80 208 160\" fill=\"none\" stroke=\"currentColor\" stroke-linecap=\"round\" stroke-linejoin=\"round\" stroke-width=\"16\"><\/polyline><\/svg><\/span><\/span>\n<\/div>\n\n\n\n<div class=\"gb-accordion__content\" id=\"gb-accordion-content-23254da7\">\n<div class=\"gb-element-668169e6\">\n<p class=\"gb-text gb-text-821f5fd7\">You can register by filling out the online form. Once approved, you\u2019ll receive access to our booking system, training materials, and support from our team.<\/p>\n<\/div>\n<\/div>\n<\/div>\n\n\n\n<div class=\"gb-accordion__item gbp-card--border gb-accordion__item-b870210c\">\n<div role=\"button\" tabindex=\"0\" class=\"gb-accordion__toggle gb-accordion__toggle-b724a567\" id=\"gb-accordion-toggle-b724a567\">\n<h3 class=\"gb-text gbp-card__title gb-text-8265c993\">Do I need experience in tourism to become an agent?<\/h3>\n\n\n\n<span class=\"gb-accordion__toggle-icon gb-accordion__toggle-icon-d96e15c1\"><span class=\"gb-accordion__toggle-icon-open\"><svg aria-hidden=\"true\" viewbox=\"0 0 256 256\"><rect width=\"256\" height=\"256\" fill=\"none\"><\/rect><polyline points=\"208 96 128 176 48 96\" fill=\"none\" stroke=\"currentColor\" stroke-linecap=\"round\" stroke-linejoin=\"round\" stroke-width=\"16\"><\/polyline><\/svg><\/span><span class=\"gb-accordion__toggle-icon-close\"><svg aria-hidden=\"true\" viewbox=\"0 0 256 256\"><rect width=\"256\" height=\"256\" fill=\"none\"><\/rect><polyline points=\"48 160 128 80 208 160\" fill=\"none\" stroke=\"currentColor\" stroke-linecap=\"round\" stroke-linejoin=\"round\" stroke-width=\"16\"><\/polyline><\/svg><\/span><\/span>\n<\/div>\n\n\n\n<div class=\"gb-accordion__content\" id=\"gb-accordion-content-a1478aca\">\n<div class=\"gb-element-08630bb2\">\n<p class=\"gb-text gb-text-fa4ca011\">No experience is required \u2014 we welcome beginners! We provide all the materials and guidance you need to get started and grow.<\/p>\n<\/div>\n<\/div>\n<\/div>\n\n\n\n<div class=\"gb-accordion__item gbp-card--border gb-accordion__item-7bc6fff0\">\n<div role=\"button\" tabindex=\"0\" class=\"gb-accordion__toggle gb-accordion__toggle-d026d97f\" id=\"gb-accordion-toggle-d026d97f\">\n<h3 class=\"gb-text gbp-card__title gb-text-c89daff9\">How do I earn commission?<\/h3>\n\n\n\n<span class=\"gb-accordion__toggle-icon gb-accordion__toggle-icon-027be125\"><span class=\"gb-accordion__toggle-icon-open\"><svg aria-hidden=\"true\" viewbox=\"0 0 256 256\"><rect width=\"256\" height=\"256\" fill=\"none\"><\/rect><polyline points=\"208 96 128 176 48 96\" fill=\"none\" stroke=\"currentColor\" stroke-linecap=\"round\" stroke-linejoin=\"round\" stroke-width=\"16\"><\/polyline><\/svg><\/span><span class=\"gb-accordion__toggle-icon-close\"><svg aria-hidden=\"true\" viewbox=\"0 0 256 256\"><rect width=\"256\" height=\"256\" fill=\"none\"><\/rect><polyline points=\"48 160 128 80 208 160\" fill=\"none\" stroke=\"currentColor\" stroke-linecap=\"round\" stroke-linejoin=\"round\" stroke-width=\"16\"><\/polyline><\/svg><\/span><\/span>\n<\/div>\n\n\n\n<div class=\"gb-accordion__content\" id=\"gb-accordion-content-d756d90c\">\n<div class=\"gb-element-2f96c386\">\n<p class=\"gb-text gb-text-0550d8d7\">You\u2019ll earn a commission for each successful booking (tours, flights, hotels, etc.). The more you sell, the higher your commission rate.<\/p>\n<\/div>\n<\/div>\n<\/div>\n\n\n\n<div class=\"gb-accordion__item gbp-card--border gb-accordion__item-52acf63c\">\n<div role=\"button\" tabindex=\"0\" class=\"gb-accordion__toggle gb-accordion__toggle-e4488f64\" id=\"gb-accordion-toggle-e4488f64\">\n<h3 class=\"gb-text gbp-card__title gb-text-a9890575\">Do I need to pay a fee to join?<\/h3>\n\n\n\n<span class=\"gb-accordion__toggle-icon gb-accordion__toggle-icon-942b3886\"><span class=\"gb-accordion__toggle-icon-open\"><svg aria-hidden=\"true\" viewbox=\"0 0 256 256\"><rect width=\"256\" height=\"256\" fill=\"none\"><\/rect><polyline points=\"208 96 128 176 48 96\" fill=\"none\" stroke=\"currentColor\" stroke-linecap=\"round\" stroke-linejoin=\"round\" stroke-width=\"16\"><\/polyline><\/svg><\/span><span class=\"gb-accordion__toggle-icon-close\"><svg aria-hidden=\"true\" viewbox=\"0 0 256 256\"><rect width=\"256\" height=\"256\" fill=\"none\"><\/rect><polyline points=\"48 160 128 80 208 160\" fill=\"none\" stroke=\"currentColor\" stroke-linecap=\"round\" stroke-linejoin=\"round\" stroke-width=\"16\"><\/polyline><\/svg><\/span><\/span>\n<\/div>\n\n\n\n<div class=\"gb-accordion__content\" id=\"gb-accordion-content-e36b4c0b\">\n<div class=\"gb-element-cd9fb28a\">\n<p class=\"gb-text gb-text-3db6289c\">H\u1ea7u h\u1ebft tr\u01b0\u1eddng h\u1ee3p l\u00e0 <strong>ho\u00e0n to\u00e0n mi\u1ec5n ph\u00ed<\/strong> In most cases, it\u2019s completely free to become a basic agent. For access to advanced tools or higher commission rates, we offer reasonably priced service packages.<\/p>\n<\/div>\n<\/div>\n<\/div>\n<\/div>\n<\/div>\n<\/div>\n<\/div>\n\n\n\n<div class=\"gb-element-14458e51\">\n<p class=\"gb-text gb-text-a265a169\">Ready to start your journey? Sign up today and become part of a professional travel network!<\/p>\n\n\n<div class='fluentform ff-default fluentform_wrapper_3  ff_guten_block ffs_modern_l_wrap'><form data-form_id=\"3\" id=\"fluentform_3\" class=\"frm-fluent-form fluent_form_3 ff-el-form-top ff_form_instance_3_1 ff-form-loading ffs_modern_l\" data-form_instance=\"ff_form_instance_3_1\" method=\"POST\" action=\"\" ><fieldset  style=\"border: none!important;margin: 0!important;padding: 0!important;background-color: transparent!important;box-shadow: none!important;outline: none!important; min-inline-size: 100%;\">\n                    <legend class=\"ff_screen_reader_title\" style=\"display: block; margin: 0!important;padding: 0!important;height: 0!important;text-indent: -999999px;width: 0!important;overflow:hidden;\">Register as an agent<\/legend><input type='hidden' name='__fluent_form_embded_post_id' value='48010' \/><input type=\"hidden\" id=\"_fluentform_3_fluentformnonce\" name=\"_fluentform_3_fluentformnonce\" value=\"e500b87edf\" \/><input type=\"hidden\" name=\"_wp_http_referer\" value=\"\/en\/wp-json\/wp\/v2\/pages\/48010\" \/><div data-type=\"name-element\" data-name=\"names\" class=\"ff-field_container ff-name-field-wrapper\" ><div class='ff-t-container'><div class='ff-t-cell'><div class='ff-el-group ff-el-form-top'><div class=\"ff-el-input--label asterisk-right\"><label for='ff_3_names_first_name_' >T\u00ean kh\u00e1ch h\u00e0ng <\/label><\/div><div class='ff-el-input--content'><input type=\"text\" name=\"names[first_name]\" id=\"ff_3_names_first_name_\" class=\"ff-el-form-control\" placeholder=\"Nh\u1eadp t\u00ean b\u1ea1n\" aria-invalid=\"false\" aria-required=\"false\"><\/div><\/div><\/div><\/div><\/div><div class='ff-el-group'><div class=\"ff-el-input--label ff-el-is-required asterisk-right\"><label for='ff_3_email' aria-label=\"Email\">Email<\/label><\/div><div class='ff-el-input--content'><input type=\"email\" name=\"email\" id=\"ff_3_email\" class=\"ff-el-form-control\" placeholder=\"Nh\u1eadp email c\u1ee7a b\u1ea1n\" data-name=\"email\"  aria-invalid=\"false\" aria-required=\"true\"><\/div><\/div><div class='ff-el-group'><div class=\"ff-el-input--label ff-el-is-required asterisk-right\"><label for='ff_3_phone' aria-label=\"Phone\/Mobile\">Phone\/Mobile<\/label><\/div><div class='ff-el-input--content'><input name=\"phone\" class=\"ff-el-form-control ff-el-phone\" type=\"tel\" placeholder=\"Nh\u1eadp s\u1ed1 \u0111i\u1ec7n tho\u1ea1i\" data-name=\"phone\" id=\"ff_3_phone\" inputmode=\"tel\"  aria-invalid='false' aria-required=\"true\"><\/div><\/div><div class='ff-el-group ff-text-left ff_submit_btn_wrapper'><button type=\"submit\" class=\"ff-btn ff-btn-submit ff-btn-md ff_btn_style\" >G\u1eedi \u0111\u0103ng k\u00fd<\/button><\/div><\/fieldset><input type=\"hidden\" name=\"trp-form-language\" value=\"en\"\/><\/form><div id='fluentform_3_errors' class='ff-errors-in-stack ff_form_instance_3_1 ff-form-loading_errors ff_form_instance_3_1_errors'><\/div><\/div>        <script type=\"text\/javascript\">\n            window.fluent_form_ff_form_instance_3_1 = {\"id\":\"3\",\"settings\":{\"layout\":{\"labelPlacement\":\"top\",\"asteriskPlacement\":\"asterisk-right\",\"helpMessagePlacement\":\"with_label\",\"errorMessagePlacement\":\"inline\",\"cssClassName\":\"\"},\"restrictions\":{\"denyEmptySubmission\":{\"enabled\":false}}},\"form_instance\":\"ff_form_instance_3_1\",\"form_id_selector\":\"fluentform_3\",\"rules\":{\"names[first_name]\":{\"required\":{\"value\":false,\"message\":\"This field is required\",\"global_message\":\"This field is required\",\"global\":true}},\"names[middle_name]\":{\"required\":{\"value\":false,\"message\":\"This field is required\",\"global_message\":\"This field is required\",\"global\":true}},\"names[last_name]\":{\"required\":{\"value\":false,\"message\":\"This field is required\",\"global_message\":\"This field is required\",\"global\":true}},\"email\":{\"required\":{\"value\":true,\"message\":\"This field is required\",\"global_message\":\"This field is required\",\"global\":true},\"email\":{\"value\":true,\"message\":\"This field must contain a valid email\",\"global_message\":\"This field must contain a valid email\",\"global\":true}},\"phone\":{\"required\":{\"value\":true,\"global\":true,\"message\":\"This field is required\",\"global_message\":\"This field is required\"},\"valid_phone_number\":{\"value\":false,\"global\":true,\"message\":\"Phone number is not valid\",\"global_message\":\"Phone number is not valid\"}}},\"debounce_time\":300};\n                    <\/script>\n        <\/div>\n<\/div>\n<\/section>","protected":false},"excerpt":{"rendered":"<p>\u0110\u0103ng k\u00fd \u0111\u1ea1i l\u00fd v\u00e9 m\u00e1y bay, book ph\u00f2ng kh\u00e1ch s\u1ea1n thu nh\u1eadp kh\u00f4ng gi\u1edbi h\u1ea1n. Nh\u1eb1m m\u1edf r\u1ed9ng v\u00e0 ph\u00e1t tri\u1ec3n m\u1ea1ng l\u01b0\u1edbi b\u00e1n v\u00e9 m\u00e1y bay, combo Du l\u1ecbch tr\u00ean c\u1ea3 n\u01b0\u1edbc, NAMSAN TRAVEL tri\u1ec3n khai ph\u00e1t tri\u1ec3n \u0111\u1ea1i l\u00fd v\u00e9 m\u00e1y bay \u0111\u1ec3 c\u00f9ng nhau \u0111\u01b0a s\u1ea3n ph\u1ea9m d\u1ecbch v\u1ee5 ch\u1ea5t l\u01b0\u1ee3ng &#8230; <a title=\"\u0110\u0103ng k\u00fd \u0111\u1ea1i l\u00fd v\u00e9 m\u00e1y bay\" class=\"read-more\" href=\"https:\/\/namsan.com.vn\/en\/dang-ky-lam-dai-ly\/\" aria-label=\"Read more about \u0110\u0103ng k\u00fd \u0111\u1ea1i l\u00fd v\u00e9 m\u00e1y bay\">Read more<\/a><\/p>","protected":false},"author":2,"featured_media":0,"parent":0,"menu_order":0,"comment_status":"closed","ping_status":"closed","template":"","meta":{"_eb_attr":"","footnotes":""},"class_list":["post-48010","page","type-page","status-publish"],"_links":{"self":[{"href":"https:\/\/namsan.com.vn\/en\/wp-json\/wp\/v2\/pages\/48010","targetHints":{"allow":["GET"]}}],"collection":[{"href":"https:\/\/namsan.com.vn\/en\/wp-json\/wp\/v2\/pages"}],"about":[{"href":"https:\/\/namsan.com.vn\/en\/wp-json\/wp\/v2\/types\/page"}],"author":[{"embeddable":true,"href":"https:\/\/namsan.com.vn\/en\/wp-json\/wp\/v2\/users\/2"}],"replies":[{"embeddable":true,"href":"https:\/\/namsan.com.vn\/en\/wp-json\/wp\/v2\/comments?post=48010"}],"version-history":[{"count":27,"href":"https:\/\/namsan.com.vn\/en\/wp-json\/wp\/v2\/pages\/48010\/revisions"}],"predecessor-version":[{"id":49646,"href":"https:\/\/namsan.com.vn\/en\/wp-json\/wp\/v2\/pages\/48010\/revisions\/49646"}],"wp:attachment":[{"href":"https:\/\/namsan.com.vn\/en\/wp-json\/wp\/v2\/media?parent=48010"}],"curies":[{"name":"wp","href":"https:\/\/api.w.org\/{rel}","templated":true}]}}