{"id":47936,"date":"2025-05-20T18:26:25","date_gmt":"2025-05-20T18:26:25","guid":{"rendered":"https:\/\/namsan.com.vn\/?page_id=47936"},"modified":"2025-12-04T10:53:14","modified_gmt":"2025-12-04T10:53:14","slug":"booking-khach-san-resort","status":"publish","type":"page","link":"https:\/\/namsan.com.vn\/en\/booking-khach-san-resort\/","title":{"rendered":"Hotel and resort booking\u00a0"},"content":{"rendered":"<p><strong>NAMSAN TRAVEL: \u0110\u1eb6T PH\u00d2NG KH\u00c1CH S\u1ea0N TRONG N\u01af\u1edaC &amp; QU\u1ed0C T\u1ebe &#8211; N\u00c2NG T\u1ea6M TR\u1ea2I NGHI\u1ec6M NGH\u1ec8 D\u01af\u1ee0NG C\u1ee6A B\u1ea0N<\/strong><\/p>\n\n\n\n<p>B\u1ea1n \u0111ang l\u00ean k\u1ebf ho\u1ea1ch cho m\u1ed9t chuy\u1ebfn c\u00f4ng t\u00e1c, m\u1ed9t k\u1ef3 ngh\u1ec9 l\u00e3ng m\u1ea1n hay chuy\u1ebfn du l\u1ecbch gia \u0111\u00ecnh \u0111\u00e1ng nh\u1edb? H\u00e3y \u0111\u1ec3 Namsan Travel tr\u1edf th\u00e0nh ng\u01b0\u1eddi b\u1ea1n \u0111\u1ed3ng h\u00e0nh tin c\u1eady, mang \u0111\u1ebfn d\u1ecbch v\u1ee5 \u0111\u1eb7t ph\u00f2ng kh\u00e1ch s\u1ea1n, resort cao c\u1ea5p v\u1edbi nh\u1eefng \u01b0u \u0111\u00e3i \u0111\u1ed9c quy\u1ec1n v\u00e0 ch\u01b0\u01a1ng tr\u00ecnh khuy\u1ebfn m\u00e3i h\u1ea5p d\u1eabn nh\u1ea5t th\u1ecb tr\u01b0\u1eddng.<\/p>\n\n\n\n<p><strong>Th\u1ebf m\u1ea1nh c\u1ee7a Namsan Travel: \u0110\u1ed1i t\u00e1c chi\u1ebfn l\u01b0\u1ee3c c\u1ee7a c\u00e1c &#8220;\u00d4ng l\u1edbn&#8221; ng\u00e0nh ngh\u1ec9 d\u01b0\u1ee1ng<\/strong><\/p>\n\n\n\n<p>Namsan Travel t\u1ef1 h\u00e0o l\u00e0&nbsp;<strong>\u0111\u1ed1i t\u00e1c chi\u1ebfn l\u01b0\u1ee3c<\/strong>&nbsp;v\u00e0 \u0111\u1ea1i l\u00fd c\u1ea5p cao c\u1ee7a h\u00e0ng lo\u1ea1t c\u00e1c chu\u1ed7i kh\u00e1ch s\u1ea1n, resort 4-5 sao h\u00e0ng \u0111\u1ea7u Vi\u1ec7t Nam. M\u1ed1i quan h\u1ec7 h\u1ee3p t\u00e1c b\u1ec1n ch\u1eb7t n\u00e0y cho ph\u00e9p ch\u00fang t\u00f4i cung c\u1ea5p cho kh\u00e1ch h\u00e0ng nh\u1eefng quy\u1ec1n l\u1ee3i v\u01b0\u1ee3t tr\u1ed9i m\u00e0 c\u00e1c n\u1ec1n t\u1ea3ng \u0111\u1eb7t ph\u00f2ng th\u00f4ng th\u01b0\u1eddng kh\u00f3 c\u00f3 \u0111\u01b0\u1ee3c:<\/p>\n\n\n\n<ul class=\"wp-block-list\">\n<li><strong>M\u1ee9c gi\u00e1 \u01b0u \u0111\u00e3i \u0111\u1ed9c quy\u1ec1n:<\/strong>\u00a0Ch\u00fang t\u00f4i lu\u00f4n c\u00f3 m\u1ee9c gi\u00e1 t\u1ed1t h\u01a1n, k\u00e8m theo nhi\u1ec1u g\u00f3i d\u1ecbch v\u1ee5 gia t\u0103ng (v\u00ed d\u1ee5: mi\u1ec5n ph\u00ed n\u00e2ng h\u1ea1ng ph\u00f2ng, t\u1eb7ng k\u00e8m b\u1eefa \u0103n, d\u1ecbch v\u1ee5 spa&#8230;).<\/li>\n\n\n\n<li><strong>X\u00e1c nh\u1eadn ph\u00f2ng nhanh ch\u00f3ng:<\/strong>\u00a0\u01afu ti\u00ean \u0111\u1eb7t ph\u00f2ng v\u00e0o c\u00e1c d\u1ecbp cao \u0111i\u1ec3m, l\u1ec5 t\u1ebft m\u00e0 kh\u00f4ng lo h\u1ebft ph\u00f2ng.<\/li>\n\n\n\n<li><strong>H\u1ed7 tr\u1ee3 \u0111\u1eb7c bi\u1ec7t:<\/strong>\u00a0\u0110\u1ed9i ng\u0169 Namsan Travel c\u00f3 k\u00eanh l\u00e0m vi\u1ec7c tr\u1ef1c ti\u1ebfp v\u1edbi ban qu\u1ea3n l\u00fd kh\u00e1ch s\u1ea1n \u0111\u1ec3 gi\u1ea3i quy\u1ebft m\u1ecdi y\u00eau c\u1ea7u ph\u00e1t sinh c\u1ee7a kh\u00e1ch h\u00e0ng m\u1ed9t c\u00e1ch nhanh nh\u1ea5t.<\/li>\n<\/ul>\n\n\n\n<p>Ch\u00fang t\u00f4i l\u00e0 \u0111\u1ed1i t\u00e1c tin c\u1eady c\u1ee7a c\u00e1c th\u01b0\u01a1ng hi\u1ec7u danh ti\u1ebfng nh\u01b0:<\/p>\n\n\n\n<ul class=\"wp-block-list\">\n<li><strong>Flamingo Resort:<\/strong>\u00a0T\u1eadn h\u01b0\u1edfng ngh\u1ec9 d\u01b0\u1ee1ng xanh \u0111\u1eb3ng c\u1ea5p t\u1ea1i Flamingo \u0110\u1ea1i L\u1ea3i hay C\u00e1t B\u00e0.<\/li>\n\n\n\n<li><strong>Chu\u1ed7i Kh\u00e1ch s\u1ea1n M\u01b0\u1eddng Thanh:<\/strong>\u00a0M\u1ea1ng l\u01b0\u1edbi ph\u1ee7 s\u00f3ng to\u00e0n qu\u1ed1c, ti\u1ec7n nghi chu\u1ea9n 4-5 sao.<\/li>\n\n\n\n<li><strong>FLC Hotels &amp; Resorts:<\/strong>\u00a0Tr\u1ea3i nghi\u1ec7m qu\u1ea7n th\u1ec3 ngh\u1ec9 d\u01b0\u1ee1ng, golf v\u00e0 gi\u1ea3i tr\u00ed h\u00e0ng \u0111\u1ea7u.<\/li>\n\n\n\n<li><strong>Venus Hotel Tam \u0110\u1ea3o, Lynntime Thanh Th\u1ee7y:<\/strong>\u00a0Kh\u00e1m ph\u00e1 c\u00e1c \u0111i\u1ec3m \u0111\u1ebfn m\u1edbi l\u1ea1 v\u1edbi d\u1ecbch v\u1ee5 ch\u1ea5t l\u01b0\u1ee3ng cao.<\/li>\n<\/ul>\n\n\n\n<p><strong>D\u1ecbch v\u1ee5 \u0111\u1eb7t ph\u00f2ng \u0111a d\u1ea1ng: Trong n\u01b0\u1edbc v\u00e0 Qu\u1ed1c t\u1ebf<\/strong><\/p>\n\n\n\n<p><strong>1. \u0110\u1eb7t ph\u00f2ng trong n\u01b0\u1edbc:<\/strong><\/p>\n\n\n\n<p>Kh\u00e1m ph\u00e1 v\u1ebb \u0111\u1eb9p Vi\u1ec7t Nam v\u1edbi h\u1ec7 th\u1ed1ng \u0111\u1ed1i t\u00e1c kh\u00e1ch s\u1ea1n tr\u1ea3i d\u00e0i t\u1eeb B\u1eafc v\u00e0o Nam. D\u00f9 b\u1ea1n c\u1ea7n m\u1ed9t kh\u00e1ch s\u1ea1n sang tr\u1ecdng t\u1ea1i trung t\u00e2m H\u00e0 N\u1ed9i, m\u1ed9t resort s\u00e1t bi\u1ec3n t\u1ea1i Nha Trang, hay villa ri\u00eang t\u01b0 t\u1ea1i \u0110\u00e0 L\u1ea1t, Namsan Travel \u0111\u1ec1u c\u00f3 th\u1ec3 \u0111\u00e1p \u1ee9ng v\u1edbi nh\u1eefng g\u00f3i ph\u00f2ng t\u1ed1t nh\u1ea5t.<\/p>\n\n\n\n<p><strong>2. \u0110\u1eb7t ph\u00f2ng qu\u1ed1c t\u1ebf:<\/strong><\/p>\n\n\n\n<p>Kh\u00f4ng ch\u1ec9 gi\u1edbi h\u1ea1n trong n\u01b0\u1edbc, Namsan Travel c\u00f2n k\u1ebft n\u1ed1i v\u1edbi m\u1ea1ng l\u01b0\u1edbi kh\u00e1ch s\u1ea1n to\u00e0n c\u1ea7u. Ch\u00fang t\u00f4i cung c\u1ea5p d\u1ecbch v\u1ee5 \u0111\u1eb7t ph\u00f2ng t\u1ea1i c\u00e1c \u0111i\u1ec3m \u0111\u1ebfn du l\u1ecbch n\u1ed5i ti\u1ebfng Ch\u00e2u \u00c1 (Th\u00e1i Lan, H\u00e0n Qu\u1ed1c, Nh\u1eadt B\u1ea3n), Ch\u00e2u \u00c2u, Ch\u00e2u M\u1ef9&#8230; v\u1edbi quy tr\u00ecnh \u0111\u01a1n gi\u1ea3n, nhanh ch\u00f3ng v\u00e0 h\u1ed7 tr\u1ee3 xin visa du l\u1ecbch.<\/p>\n\n\n\n<p><strong>Ch\u01b0\u01a1ng tr\u00ecnh khuy\u1ebfn m\u00e3i h\u1ea5p d\u1eabn quanh n\u0103m<\/strong><\/p>\n\n\n\n<p>Namsan Travel lu\u00f4n mang \u0111\u1ebfn nh\u1eefng &#8220;deal&#8221; hot, c\u00e1c ch\u01b0\u01a1ng tr\u00ecnh khuy\u1ebfn m\u00e3i theo m\u00f9a, theo s\u1ef1 ki\u1ec7n \u0111\u1eb7c bi\u1ec7t:<\/p>\n\n\n\n<ul class=\"wp-block-list\">\n<li><strong>\u01afu \u0111\u00e3i H\u00e8 r\u1ef1c r\u1ee1:<\/strong>\u00a0Gi\u1ea3m gi\u00e1 s\u1ed1c c\u00e1c g\u00f3i combo du l\u1ecbch bi\u1ec3n.<\/li>\n\n\n\n<li><strong>Ch\u01b0\u01a1ng tr\u00ecnh &#8220;Early Bird&#8221;:<\/strong>\u00a0\u0110\u1eb7t ph\u00f2ng s\u1edbm, gi\u00e1 c\u1ef1c t\u1ed1t.<\/li>\n\n\n\n<li><strong>Flash Sale cu\u1ed1i tu\u1ea7n:<\/strong>\u00a0C\u01a1 h\u1ed9i ngh\u1ec9 d\u01b0\u1ee1ng 5 sao v\u1edbi gi\u00e1 3 sao.<\/li>\n<\/ul>\n\n\n\n<p><strong>Li\u00ean h\u1ec7 Namsan Travel ngay h\u00f4m nay!<\/strong><\/p>\n\n\n\n<p>\u0110\u1eebng \u0111\u1ec3 vi\u1ec7c t\u00ecm ki\u1ebfm v\u00e0 so s\u00e1nh gi\u00e1 ph\u00f2ng l\u00e0m m\u1ea5t th\u1eddi gian c\u1ee7a b\u1ea1n. H\u00e3y \u0111\u1ec3 Namsan Travel mang \u0111\u1ebfn tr\u1ea3i nghi\u1ec7m ngh\u1ec9 d\u01b0\u1ee1ng x\u1ee9ng t\u1ea7m \u0111\u1eb3ng c\u1ea5p v\u1edbi m\u1ee9c gi\u00e1 t\u1ed1i \u01b0u nh\u1ea5t.<\/p>","protected":false},"excerpt":{"rendered":"<p>NAMSAN TRAVEL: \u0110\u1eb6T PH\u00d2NG KH\u00c1CH S\u1ea0N TRONG N\u01af\u1edaC &amp; QU\u1ed0C T\u1ebe &#8211; N\u00c2NG T\u1ea6M TR\u1ea2I NGHI\u1ec6M NGH\u1ec8 D\u01af\u1ee0NG C\u1ee6A B\u1ea0N B\u1ea1n \u0111ang l\u00ean k\u1ebf ho\u1ea1ch cho m\u1ed9t chuy\u1ebfn c\u00f4ng t\u00e1c, m\u1ed9t k\u1ef3 ngh\u1ec9 l\u00e3ng m\u1ea1n hay chuy\u1ebfn du l\u1ecbch gia \u0111\u00ecnh \u0111\u00e1ng nh\u1edb? H\u00e3y \u0111\u1ec3 Namsan Travel tr\u1edf th\u00e0nh ng\u01b0\u1eddi b\u1ea1n \u0111\u1ed3ng h\u00e0nh tin c\u1eady, &#8230; <a title=\"Hotel and resort booking\u00a0\" class=\"read-more\" href=\"https:\/\/namsan.com.vn\/en\/booking-khach-san-resort\/\" aria-label=\"Read more about Booking kh\u00e1ch s\u1ea1n, resort\u00a0\">Read more<\/a><\/p>","protected":false},"author":2,"featured_media":0,"parent":0,"menu_order":0,"comment_status":"closed","ping_status":"closed","template":"","meta":{"_eb_attr":"","footnotes":""},"class_list":["post-47936","page","type-page","status-publish"],"_links":{"self":[{"href":"https:\/\/namsan.com.vn\/en\/wp-json\/wp\/v2\/pages\/47936","targetHints":{"allow":["GET"]}}],"collection":[{"href":"https:\/\/namsan.com.vn\/en\/wp-json\/wp\/v2\/pages"}],"about":[{"href":"https:\/\/namsan.com.vn\/en\/wp-json\/wp\/v2\/types\/page"}],"author":[{"embeddable":true,"href":"https:\/\/namsan.com.vn\/en\/wp-json\/wp\/v2\/users\/2"}],"replies":[{"embeddable":true,"href":"https:\/\/namsan.com.vn\/en\/wp-json\/wp\/v2\/comments?post=47936"}],"version-history":[{"count":1,"href":"https:\/\/namsan.com.vn\/en\/wp-json\/wp\/v2\/pages\/47936\/revisions"}],"predecessor-version":[{"id":49664,"href":"https:\/\/namsan.com.vn\/en\/wp-json\/wp\/v2\/pages\/47936\/revisions\/49664"}],"wp:attachment":[{"href":"https:\/\/namsan.com.vn\/en\/wp-json\/wp\/v2\/media?parent=47936"}],"curies":[{"name":"wp","href":"https:\/\/api.w.org\/{rel}","templated":true}]}}