{"id":47929,"date":"2025-05-20T18:20:26","date_gmt":"2025-05-20T18:20:26","guid":{"rendered":"https:\/\/namsan.com.vn\/?page_id=47929"},"modified":"2025-12-03T11:16:46","modified_gmt":"2025-12-03T11:16:46","slug":"co-cau-to-chuc","status":"publish","type":"page","link":"https:\/\/namsan.com.vn\/en\/co-cau-to-chuc\/","title":{"rendered":"Organizational structure\u00a0"},"content":{"rendered":"<div class=\"gbp-section gb-element-a7225700\">\n<div class=\"gbp-section__inner gb-element-7a2a1b7c\">\n<div>\n<p class=\"gb-text gbp-section__tagline\">About<\/p>\n\n\n\n<h1 class=\"gb-text gbp-section__headline\">Organizational structure&nbsp;<\/h1>\n\n\n\n<p class=\"gb-text gbp-section__text\">C\u00f4ng ty ch\u00fang t\u00f4i \u0111\u01b0\u1ee3c t\u1ed5 ch\u1ee9c th\u00e0nh nhi\u1ec1u ph\u00f2ng ban bao g\u1ed3m V\u1eadn h\u00e0nh, B\u00e1n h\u00e0ng, D\u1ecbch v\u1ee5 kh\u00e1ch h\u00e0ng, Ti\u1ebfp th\u1ecb v\u00e0 T\u00e0i ch\u00ednh.<\/p>\n\n\n\n<figure class=\"wp-block-image size-large\"><img loading=\"lazy\" decoding=\"async\" width=\"967\" height=\"1024\" src=\"https:\/\/namsan.com.vn\/wp-content\/uploads\/2025\/12\/z7288976215069_aa7a8ab59ed6e4f72650670f6b1ebeb2-967x1024.jpg\" alt=\"\" class=\"wp-image-49636\" srcset=\"https:\/\/namsan.com.vn\/wp-content\/uploads\/2025\/12\/z7288976215069_aa7a8ab59ed6e4f72650670f6b1ebeb2-967x1024.jpg 967w, https:\/\/namsan.com.vn\/wp-content\/uploads\/2025\/12\/z7288976215069_aa7a8ab59ed6e4f72650670f6b1ebeb2-283x300.jpg 283w, https:\/\/namsan.com.vn\/wp-content\/uploads\/2025\/12\/z7288976215069_aa7a8ab59ed6e4f72650670f6b1ebeb2-768x813.jpg 768w, https:\/\/namsan.com.vn\/wp-content\/uploads\/2025\/12\/z7288976215069_aa7a8ab59ed6e4f72650670f6b1ebeb2-11x12.jpg 11w, https:\/\/namsan.com.vn\/wp-content\/uploads\/2025\/12\/z7288976215069_aa7a8ab59ed6e4f72650670f6b1ebeb2.jpg 1178w\" sizes=\"auto, (max-width: 967px) 100vw, 967px\" \/><\/figure>\n<\/div>\n<\/div>\n<\/div>\n\n\n\n<div class=\"gbp-section\">\n<div class=\"gbp-section__inner gb-element-ccaa7852\">\n<div class=\"gb-element-310e2458\">\n<p class=\"gb-text gbp-section__tagline\">Stats<\/p>\n\n\n\n<h2 class=\"gb-text gbp-section__headline\">Demonstrate company performance with stats<\/h2>\n\n\n\n<ul class=\"gb-element-b90705fd\">\n<li class=\"gb-element-9cec0f38\">\n<div class=\"gb-text gb-text-4f213b1b\">200x<\/div>\n\n\n\n<p class=\"gb-text gb-text-a1c4a65a\">Productivity improvement<\/p>\n<\/li>\n\n\n\n<li class=\"gb-element-cd921005\">\n<div class=\"gb-text gb-text-f1a5c00a\">1000+<\/div>\n\n\n\n<p class=\"gb-text gb-text-523d1019\">5 Star Reviews<\/p>\n<\/li>\n\n\n\n<li class=\"gb-element-01ce2877\">\n<div class=\"gb-text gb-text-b72c36f9\">500%<\/div>\n\n\n\n<p class=\"gb-text gb-text-dbda3310\">Increase Yield<\/p>\n<\/li>\n\n\n\n<li class=\"gb-element-ebdcc1f1\">\n<div class=\"gb-text gb-text-c12a6ffe\">100k+<\/div>\n\n\n\n<p class=\"gb-text gb-text-9f4a7a13\">Happy Customers<\/p>\n<\/li>\n<\/ul>\n<\/div>\n\n\n\n<figure class=\"wp-block-image size-large\"><img loading=\"lazy\" decoding=\"async\" width=\"1024\" height=\"683\" src=\"https:\/\/namsan.com.vn\/wp-content\/uploads\/2025\/12\/DSC04462-1024x683.jpg\" alt=\"\" class=\"wp-image-49640\" srcset=\"https:\/\/namsan.com.vn\/wp-content\/uploads\/2025\/12\/DSC04462-1024x683.jpg 1024w, https:\/\/namsan.com.vn\/wp-content\/uploads\/2025\/12\/DSC04462-300x200.jpg 300w, https:\/\/namsan.com.vn\/wp-content\/uploads\/2025\/12\/DSC04462-768x512.jpg 768w, https:\/\/namsan.com.vn\/wp-content\/uploads\/2025\/12\/DSC04462-1536x1024.jpg 1536w, https:\/\/namsan.com.vn\/wp-content\/uploads\/2025\/12\/DSC04462-2048x1365.jpg 2048w, https:\/\/namsan.com.vn\/wp-content\/uploads\/2025\/12\/DSC04462-18x12.jpg 18w\" sizes=\"auto, (max-width: 1024px) 100vw, 1024px\" \/><\/figure>\n<\/div>\n<\/div>\n\n\n\n<div class=\"gbp-section gb-element-f84b082f\">\n<div class=\"gbp-section__inner gb-element-f2d74c04\">\n<div>\n<h2 class=\"gb-text gbp-section__headline\"><\/h2>\n\n\n\n<p class=\"gb-text gbp-section__text\"><\/p>\n\n\n\n<div class=\"gb-element-8c3657c9\">\n<a class=\"gb-text gbp-button--primary\" href=\"#\">View vacancies<\/a>\n<\/div>\n<\/div>\n<\/div>\n<\/div>\n\n\n\n<p><\/p>","protected":false},"excerpt":{"rendered":"<p>About C\u01a1 c\u1ea5u t\u1ed5 ch\u1ee9c&nbsp; C\u00f4ng ty ch\u00fang t\u00f4i \u0111\u01b0\u1ee3c t\u1ed5 ch\u1ee9c th\u00e0nh nhi\u1ec1u ph\u00f2ng ban bao g\u1ed3m V\u1eadn h\u00e0nh, B\u00e1n h\u00e0ng, D\u1ecbch v\u1ee5 kh\u00e1ch h\u00e0ng, Ti\u1ebfp th\u1ecb v\u00e0 T\u00e0i ch\u00ednh. Stats Demonstrate company performance with stats 200x Productivity improvement 1000+ 5 Star Reviews 500% Increase Yield 100k+ Happy Customers View vacancies<\/p>","protected":false},"author":2,"featured_media":0,"parent":0,"menu_order":0,"comment_status":"closed","ping_status":"closed","template":"","meta":{"_eb_attr":"","footnotes":""},"class_list":["post-47929","page","type-page","status-publish"],"_links":{"self":[{"href":"https:\/\/namsan.com.vn\/en\/wp-json\/wp\/v2\/pages\/47929","targetHints":{"allow":["GET"]}}],"collection":[{"href":"https:\/\/namsan.com.vn\/en\/wp-json\/wp\/v2\/pages"}],"about":[{"href":"https:\/\/namsan.com.vn\/en\/wp-json\/wp\/v2\/types\/page"}],"author":[{"embeddable":true,"href":"https:\/\/namsan.com.vn\/en\/wp-json\/wp\/v2\/users\/2"}],"replies":[{"embeddable":true,"href":"https:\/\/namsan.com.vn\/en\/wp-json\/wp\/v2\/comments?post=47929"}],"version-history":[{"count":2,"href":"https:\/\/namsan.com.vn\/en\/wp-json\/wp\/v2\/pages\/47929\/revisions"}],"predecessor-version":[{"id":49641,"href":"https:\/\/namsan.com.vn\/en\/wp-json\/wp\/v2\/pages\/47929\/revisions\/49641"}],"wp:attachment":[{"href":"https:\/\/namsan.com.vn\/en\/wp-json\/wp\/v2\/media?parent=47929"}],"curies":[{"name":"wp","href":"https:\/\/api.w.org\/{rel}","templated":true}]}}